{"id":130,"date":"2025-03-07T10:55:44","date_gmt":"2025-03-07T13:55:44","guid":{"rendered":"http:\/\/www.cybersecurity.cl\/?page_id=130"},"modified":"2025-03-11T09:34:11","modified_gmt":"2025-03-11T12:34:11","slug":"infraestructura","status":"publish","type":"page","link":"https:\/\/cybersecurity.cl\/index.php\/servicios\/infraestructura\/","title":{"rendered":""},"content":{"rendered":"\t\t<div data-elementor-type=\"wp-page\" data-elementor-id=\"130\" class=\"elementor elementor-130\" data-elementor-post-type=\"page\">\n\t\t\t\t<div class=\"elementor-element elementor-element-2c7ee0d e-flex e-con-boxed e-con e-parent\" data-id=\"2c7ee0d\" data-element_type=\"container\">\n\t\t\t\t\t<div class=\"e-con-inner\">\n\t\t\t\t<div class=\"elementor-element elementor-element-d7d3111 elementor-widget elementor-widget-image\" data-id=\"d7d3111\" data-element_type=\"widget\" data-widget_type=\"image.default\">\n\t\t\t\t<div class=\"elementor-widget-container\">\n\t\t\t\t\t\t\t\t\t\t\t\t\t\t\t<img decoding=\"async\" src=\"https:\/\/cybersecurity.cl\/wp-content\/uploads\/2025\/03\/banner-infraestructura-modified-min.png\" title=\"banner-infraestructura-modified-min\" alt=\"banner-infraestructura-modified-min\" loading=\"lazy\" \/>\t\t\t\t\t\t\t\t\t\t\t\t\t\t\t<\/div>\n\t\t\t\t<\/div>\n\t\t\t\t\t<\/div>\n\t\t\t\t<\/div>\n\t\t<div class=\"elementor-element elementor-element-bb5bb6d e-flex e-con-boxed e-con e-parent\" data-id=\"bb5bb6d\" data-element_type=\"container\">\n\t\t\t\t\t<div class=\"e-con-inner\">\n\t\t\t\t<div class=\"elementor-element elementor-element-7124552 elementor-widget elementor-widget-text-editor\" data-id=\"7124552\" data-element_type=\"widget\" data-widget_type=\"text-editor.default\">\n\t\t\t\t<div class=\"elementor-widget-container\">\n\t\t\t\t\t\t\t\t\t<p><a href=\"https:\/\/cybersecurity.cl\/index.php\/servicios\/\">Servicios\u00a0 &gt;<\/a>\u00a0 Protecci\u00f3n e Infraestructura<\/p>\t\t\t\t\t\t\t\t<\/div>\n\t\t\t\t<\/div>\n\t\t\t\t\t<\/div>\n\t\t\t\t<\/div>\n\t\t<div class=\"elementor-element elementor-element-32a1614 e-flex e-con-boxed e-con e-parent\" data-id=\"32a1614\" data-element_type=\"container\">\n\t\t\t\t\t<div class=\"e-con-inner\">\n\t\t\t\t<div class=\"elementor-element elementor-element-9b6244b elementor-widget elementor-widget-heading\" data-id=\"9b6244b\" data-element_type=\"widget\" data-widget_type=\"heading.default\">\n\t\t\t\t<div class=\"elementor-widget-container\">\n\t\t\t\t\t<h1 class=\"elementor-heading-title elementor-size-default\">Protecci\u00f3n e Infraestructura: Construyendo Fortalezas Digitales en un Mundo de Amenazas Invisibles<\/h1>\t\t\t\t<\/div>\n\t\t\t\t<\/div>\n\t\t\t\t\t<\/div>\n\t\t\t\t<\/div>\n\t\t<div class=\"elementor-element elementor-element-bc84b4f e-flex e-con-boxed e-con e-parent\" data-id=\"bc84b4f\" data-element_type=\"container\">\n\t\t\t\t\t<div class=\"e-con-inner\">\n\t\t\t\t<div class=\"elementor-element elementor-element-127625e elementor-widget elementor-widget-text-editor\" data-id=\"127625e\" data-element_type=\"widget\" data-widget_type=\"text-editor.default\">\n\t\t\t\t<div class=\"elementor-widget-container\">\n\t\t\t\t\t\t\t\t\t<p data-start=\"108\" data-end=\"666\">La ciberseguridad no es solo una cuesti\u00f3n de detecci\u00f3n y respuesta. Es, ante todo, una <strong data-start=\"195\" data-end=\"223\">carrera contra el tiempo<\/strong>. La capacidad de anticipar ataques y dise\u00f1ar una infraestructura resiliente <strong data-start=\"300\" data-end=\"456\">es lo que separa a las empresas que prosperan en la era digital de aquellas que quedan atrapadas en la espiral de la vulnerabilidad y la reacci\u00f3n tard\u00eda<\/strong>. En un ecosistema donde el per\u00edmetro tradicional ha desaparecido y los datos fluyen entre nubes, dispositivos y sistemas interconectados, la \u00fanica estrategia viable es una defensa construida desde el n\u00facleo.<\/p><p data-start=\"668\" data-end=\"1205\"><strong data-start=\"668\" data-end=\"820\">Protecci\u00f3n e Infraestructura no es solo un conjunto de tecnolog\u00edas: es una arquitectura de seguridad pensada para resistir, adaptarse y evolucionar.<\/strong> Un dise\u00f1o s\u00f3lido no solo bloquea ataques, sino que garantiza que cada proceso, usuario y sistema interact\u00fae bajo principios de control y seguridad. Cada puerta cerrada correctamente es un punto menos de acceso para un atacante. Cada dato cifrado es una oportunidad frustrada para el robo de informaci\u00f3n. Y cada identidad protegida es un usuario que opera sin temor a una usurpaci\u00f3n.<\/p><p data-start=\"1207\" data-end=\"1478\">Este pilar de ciberseguridad <strong data-start=\"1236\" data-end=\"1306\">se enfoca en blindar la arquitectura digital de las organizaciones<\/strong>, garantizando que las capas de defensa no sean un obst\u00e1culo para la innovaci\u00f3n, sino una ventaja competitiva que permite operar con confianza en un entorno impredecible.<\/p><p data-start=\"1480\" data-end=\"1569\">A continuaci\u00f3n, cada uno de los servicios que forman parte de esta estrategia integral:<\/p>\t\t\t\t\t\t\t\t<\/div>\n\t\t\t\t<\/div>\n\t\t\t\t\t<\/div>\n\t\t\t\t<\/div>\n\t\t<div class=\"elementor-element elementor-element-4c3d825 e-flex e-con-boxed e-con e-parent\" data-id=\"4c3d825\" data-element_type=\"container\">\n\t\t\t\t\t<div class=\"e-con-inner\">\n\t\t\t\t<div class=\"elementor-element elementor-element-7255589 elementor-widget elementor-widget-spacer\" data-id=\"7255589\" data-element_type=\"widget\" data-widget_type=\"spacer.default\">\n\t\t\t\t<div class=\"elementor-widget-container\">\n\t\t\t\t\t\t\t<div class=\"elementor-spacer\">\n\t\t\t<div class=\"elementor-spacer-inner\"><\/div>\n\t\t<\/div>\n\t\t\t\t\t\t<\/div>\n\t\t\t\t<\/div>\n\t\t\t\t\t<\/div>\n\t\t\t\t<\/div>\n\t\t<div class=\"elementor-element elementor-element-629048d e-flex e-con-boxed e-con e-parent\" data-id=\"629048d\" data-element_type=\"container\">\n\t\t\t\t\t<div class=\"e-con-inner\">\n\t\t\t\t<div class=\"elementor-element elementor-element-fdb657c elementor-widget elementor-widget-heading\" data-id=\"fdb657c\" data-element_type=\"widget\" data-widget_type=\"heading.default\">\n\t\t\t\t<div class=\"elementor-widget-container\">\n\t\t\t\t\t<h3 class=\"elementor-heading-title elementor-size-default\">Dise\u00f1o y Fortalecimiento de Infraestructura Segura: Construyendo Defensas Desde la Base<\/h3>\t\t\t\t<\/div>\n\t\t\t\t<\/div>\n\t\t\t\t\t<\/div>\n\t\t\t\t<\/div>\n\t\t<div class=\"elementor-element elementor-element-9caf926 e-flex e-con-boxed e-con e-parent\" data-id=\"9caf926\" data-element_type=\"container\">\n\t\t\t\t\t<div class=\"e-con-inner\">\n\t\t\t\t<div class=\"elementor-element elementor-element-240709d elementor-widget elementor-widget-text-editor\" data-id=\"240709d\" data-element_type=\"widget\" data-widget_type=\"text-editor.default\">\n\t\t\t\t<div class=\"elementor-widget-container\">\n\t\t\t\t\t\t\t\t\t<p data-start=\"1677\" data-end=\"2111\">Las amenazas digitales evolucionan, pero la mayor\u00eda de los ataques siguen aprovechando <strong data-start=\"1764\" data-end=\"1811\">errores de dise\u00f1o y configuraciones d\u00e9biles<\/strong>. No basta con sumar herramientas de seguridad si la infraestructura carece de una estrategia unificada. Dise\u00f1amos arquitecturas resistentes a ataques avanzados, asegurando que cada componente \u2014redes, servidores, entornos cloud y endpoints\u2014 est\u00e9 protegido con las mejores pr\u00e1cticas de la industria.<\/p><p data-start=\"2113\" data-end=\"2420\">Desde la segmentaci\u00f3n de redes hasta la implementaci\u00f3n de Zero Trust, <strong data-start=\"2183\" data-end=\"2308\">cada decisi\u00f3n en la infraestructura debe dificultar el acceso a los atacantes sin entorpecer la productividad del negocio<\/strong>. Nuestra metodolog\u00eda no solo cierra brechas, sino que transforma la seguridad en un acelerador de innovaci\u00f3n.<\/p>\t\t\t\t\t\t\t\t<\/div>\n\t\t\t\t<\/div>\n\t\t\t\t<div class=\"elementor-element elementor-element-2b40d23 elementor-widget elementor-widget-spacer\" data-id=\"2b40d23\" data-element_type=\"widget\" data-widget_type=\"spacer.default\">\n\t\t\t\t<div class=\"elementor-widget-container\">\n\t\t\t\t\t\t\t<div class=\"elementor-spacer\">\n\t\t\t<div class=\"elementor-spacer-inner\"><\/div>\n\t\t<\/div>\n\t\t\t\t\t\t<\/div>\n\t\t\t\t<\/div>\n\t\t\t\t\t<\/div>\n\t\t\t\t<\/div>\n\t\t<div class=\"elementor-element elementor-element-1547fae e-flex e-con-boxed e-con e-parent\" data-id=\"1547fae\" data-element_type=\"container\">\n\t\t\t\t\t<div class=\"e-con-inner\">\n\t\t\t\t<div class=\"elementor-element elementor-element-ec0dff7 elementor-widget elementor-widget-heading\" data-id=\"ec0dff7\" data-element_type=\"widget\" data-widget_type=\"heading.default\">\n\t\t\t\t<div class=\"elementor-widget-container\">\n\t\t\t\t\t<h3 class=\"elementor-heading-title elementor-size-default\">Cifrado y Protecci\u00f3n de Datos Cr\u00edticos: Blindando el Activo M\u00e1s Valioso<\/h3>\t\t\t\t<\/div>\n\t\t\t\t<\/div>\n\t\t\t\t\t<\/div>\n\t\t\t\t<\/div>\n\t\t<div class=\"elementor-element elementor-element-f9ba1aa e-flex e-con-boxed e-con e-parent\" data-id=\"f9ba1aa\" data-element_type=\"container\">\n\t\t\t\t\t<div class=\"e-con-inner\">\n\t\t\t\t<div class=\"elementor-element elementor-element-eedb94a elementor-widget elementor-widget-text-editor\" data-id=\"eedb94a\" data-element_type=\"widget\" data-widget_type=\"text-editor.default\">\n\t\t\t\t<div class=\"elementor-widget-container\">\n\t\t\t\t\t\t\t\t\t<p data-start=\"2512\" data-end=\"2824\">Los datos son el <strong data-start=\"2529\" data-end=\"2544\">oro digital<\/strong> del siglo XXI. Cada transacci\u00f3n, cada registro de usuario y cada propiedad intelectual almacenada en servidores o en la nube es un blanco atractivo para los atacantes. <strong data-start=\"2713\" data-end=\"2822\">El 60% de las empresas que sufren una filtraci\u00f3n de datos significativa nunca se recuperan completamente.<\/strong><\/p><p data-start=\"2826\" data-end=\"3170\">Implementamos mecanismos avanzados de cifrado para asegurar que la informaci\u00f3n, tanto en tr\u00e1nsito como en reposo, <strong data-start=\"2940\" data-end=\"3006\">permanezca inaccesible para cualquier persona sin autorizaci\u00f3n<\/strong>. Adem\u00e1s, dise\u00f1amos estrategias de <strong data-start=\"3041\" data-end=\"3077\">clasificaci\u00f3n y gesti\u00f3n de datos<\/strong>, asegurando que solo aquellos con permisos adecuados puedan acceder a informaci\u00f3n cr\u00edtica.<\/p>\t\t\t\t\t\t\t\t<\/div>\n\t\t\t\t<\/div>\n\t\t\t\t<div class=\"elementor-element elementor-element-61ad34f elementor-widget elementor-widget-spacer\" data-id=\"61ad34f\" data-element_type=\"widget\" data-widget_type=\"spacer.default\">\n\t\t\t\t<div class=\"elementor-widget-container\">\n\t\t\t\t\t\t\t<div class=\"elementor-spacer\">\n\t\t\t<div class=\"elementor-spacer-inner\"><\/div>\n\t\t<\/div>\n\t\t\t\t\t\t<\/div>\n\t\t\t\t<\/div>\n\t\t\t\t\t<\/div>\n\t\t\t\t<\/div>\n\t\t<div class=\"elementor-element elementor-element-44d7caf e-flex e-con-boxed e-con e-parent\" data-id=\"44d7caf\" data-element_type=\"container\">\n\t\t\t\t\t<div class=\"e-con-inner\">\n\t\t\t\t<div class=\"elementor-element elementor-element-041d1d2 elementor-widget elementor-widget-heading\" data-id=\"041d1d2\" data-element_type=\"widget\" data-widget_type=\"heading.default\">\n\t\t\t\t<div class=\"elementor-widget-container\">\n\t\t\t\t\t<h3 class=\"elementor-heading-title elementor-size-default\">Gesti\u00f3n de Identidades y Accesos (IAM): Cerrando la Puerta al Movimiento Lateral<\/h3>\t\t\t\t<\/div>\n\t\t\t\t<\/div>\n\t\t\t\t\t<\/div>\n\t\t\t\t<\/div>\n\t\t<div class=\"elementor-element elementor-element-b962c93 e-flex e-con-boxed e-con e-parent\" data-id=\"b962c93\" data-element_type=\"container\">\n\t\t\t\t\t<div class=\"e-con-inner\">\n\t\t\t\t<div class=\"elementor-element elementor-element-84237c3 elementor-widget elementor-widget-text-editor\" data-id=\"84237c3\" data-element_type=\"widget\" data-widget_type=\"text-editor.default\">\n\t\t\t\t<div class=\"elementor-widget-container\">\n\t\t\t\t\t\t\t\t\t<p data-start=\"3271\" data-end=\"3599\">Los atacantes no entran derribando puertas, <strong data-start=\"3315\" data-end=\"3360\">sino aprovechando accesos mal gestionados<\/strong>. Contrase\u00f1as d\u00e9biles, credenciales reutilizadas y accesos privilegiados sin control son los puntos de entrada m\u00e1s comunes en ataques dirigidos. <strong data-start=\"3505\" data-end=\"3597\">El 80% de las intrusiones en redes empresariales inician con credenciales comprometidas.<\/strong><\/p><p data-start=\"3601\" data-end=\"3957\">Para frenar esta amenaza, implementamos soluciones avanzadas de <strong data-start=\"3665\" data-end=\"3705\">Identity and Access Management (IAM)<\/strong> que incluyen autenticaci\u00f3n multifactor (MFA), privilegios m\u00ednimos y monitoreo de accesos en tiempo real. Un atacante que logre obtener una credencial sin permisos elevados <strong data-start=\"3878\" data-end=\"3954\">se encuentra atrapado en una jaula digital, sin posibilidades de avanzar<\/strong>.<\/p>\t\t\t\t\t\t\t\t<\/div>\n\t\t\t\t<\/div>\n\t\t\t\t<div class=\"elementor-element elementor-element-7fdc006 elementor-widget elementor-widget-spacer\" data-id=\"7fdc006\" data-element_type=\"widget\" data-widget_type=\"spacer.default\">\n\t\t\t\t<div class=\"elementor-widget-container\">\n\t\t\t\t\t\t\t<div class=\"elementor-spacer\">\n\t\t\t<div class=\"elementor-spacer-inner\"><\/div>\n\t\t<\/div>\n\t\t\t\t\t\t<\/div>\n\t\t\t\t<\/div>\n\t\t\t\t\t<\/div>\n\t\t\t\t<\/div>\n\t\t<div class=\"elementor-element elementor-element-43d9681 e-flex e-con-boxed e-con e-parent\" data-id=\"43d9681\" data-element_type=\"container\">\n\t\t\t\t\t<div class=\"e-con-inner\">\n\t\t\t\t<div class=\"elementor-element elementor-element-7d0f93e elementor-widget elementor-widget-heading\" data-id=\"7d0f93e\" data-element_type=\"widget\" data-widget_type=\"heading.default\">\n\t\t\t\t<div class=\"elementor-widget-container\">\n\t\t\t\t\t<h3 class=\"elementor-heading-title elementor-size-default\">Seguridad en Entornos Cloud y H\u00edbridos: Protecci\u00f3n sin Fronteras<\/h3>\t\t\t\t<\/div>\n\t\t\t\t<\/div>\n\t\t\t\t\t<\/div>\n\t\t\t\t<\/div>\n\t\t<div class=\"elementor-element elementor-element-e511322 e-flex e-con-boxed e-con e-parent\" data-id=\"e511322\" data-element_type=\"container\">\n\t\t\t\t\t<div class=\"e-con-inner\">\n\t\t\t\t<div class=\"elementor-element elementor-element-d9c22d6 elementor-widget elementor-widget-text-editor\" data-id=\"d9c22d6\" data-element_type=\"widget\" data-widget_type=\"text-editor.default\">\n\t\t\t\t<div class=\"elementor-widget-container\">\n\t\t\t\t\t\t\t\t\t<p data-start=\"4042\" data-end=\"4309\">La nube ha democratizado el acceso a la tecnolog\u00eda, pero tambi\u00e9n ha multiplicado la superficie de ataque. Los entornos h\u00edbridos \u2014que combinan servidores locales con infraestructuras en AWS, Azure o Google Cloud\u2014 <strong data-start=\"4254\" data-end=\"4306\">requieren una estrategia de seguridad espec\u00edfica<\/strong>.<\/p><p data-start=\"4311\" data-end=\"4719\">Analizamos configuraciones en la nube, asegurando que <strong data-start=\"4365\" data-end=\"4496\">los permisos, controles de acceso y configuraciones de almacenamiento est\u00e9n alineados con los m\u00e1s altos est\u00e1ndares de seguridad<\/strong>. Detectamos <strong data-start=\"4509\" data-end=\"4597\">exposici\u00f3n de credenciales, configuraciones err\u00f3neas y puntos de fuga de informaci\u00f3n<\/strong> antes de que los atacantes lo hagan. Porque una nube mal protegida <strong data-start=\"4665\" data-end=\"4717\">es una invitaci\u00f3n abierta para el robo de datos.<\/strong><\/p>\t\t\t\t\t\t\t\t<\/div>\n\t\t\t\t<\/div>\n\t\t\t\t<div class=\"elementor-element elementor-element-b5e4f95 elementor-widget elementor-widget-spacer\" data-id=\"b5e4f95\" data-element_type=\"widget\" data-widget_type=\"spacer.default\">\n\t\t\t\t<div class=\"elementor-widget-container\">\n\t\t\t\t\t\t\t<div class=\"elementor-spacer\">\n\t\t\t<div class=\"elementor-spacer-inner\"><\/div>\n\t\t<\/div>\n\t\t\t\t\t\t<\/div>\n\t\t\t\t<\/div>\n\t\t\t\t\t<\/div>\n\t\t\t\t<\/div>\n\t\t<div class=\"elementor-element elementor-element-5573f85 e-flex e-con-boxed e-con e-parent\" data-id=\"5573f85\" data-element_type=\"container\">\n\t\t\t\t\t<div class=\"e-con-inner\">\n\t\t\t\t<div class=\"elementor-element elementor-element-ade9773 elementor-widget elementor-widget-heading\" data-id=\"ade9773\" data-element_type=\"widget\" data-widget_type=\"heading.default\">\n\t\t\t\t<div class=\"elementor-widget-container\">\n\t\t\t\t\t<h3 class=\"elementor-heading-title elementor-size-default\">Seguridad en Dispositivos y Endpoints: Protegiendo el \u00daltimo Basti\u00f3n<\/h3>\t\t\t\t<\/div>\n\t\t\t\t<\/div>\n\t\t\t\t<div class=\"elementor-element elementor-element-9ad2cec elementor-widget elementor-widget-text-editor\" data-id=\"9ad2cec\" data-element_type=\"widget\" data-widget_type=\"text-editor.default\">\n\t\t\t\t<div class=\"elementor-widget-container\">\n\t\t\t\t\t\t\t\t\t<p data-start=\"4808\" data-end=\"5077\">En un mundo donde el trabajo remoto y los dispositivos personales forman parte del ecosistema corporativo, <strong data-start=\"4915\" data-end=\"4963\">cada endpoint es un posible vector de ataque<\/strong>. Un solo equipo infectado con malware puede servir como plataforma de lanzamiento para comprometer toda la red.<\/p><p data-start=\"5079\" data-end=\"5456\">Aplicamos estrategias de <strong data-start=\"5104\" data-end=\"5196\">Endpoint Detection and Response (EDR), segmentaci\u00f3n de accesos y control de dispositivos<\/strong> para reducir al m\u00ednimo el riesgo de infecciones. Desde el endurecimiento de estaciones de trabajo hasta la implementaci\u00f3n de pol\u00edticas de acceso remoto seguro, <strong data-start=\"5357\" data-end=\"5454\">cada dispositivo conectado es monitoreado y protegido con una capa de seguridad impenetrable.<\/strong><\/p>\t\t\t\t\t\t\t\t<\/div>\n\t\t\t\t<\/div>\n\t\t\t\t\t<\/div>\n\t\t\t\t<\/div>\n\t\t<div class=\"elementor-element elementor-element-fcf5727 e-flex e-con-boxed e-con e-parent\" data-id=\"fcf5727\" data-element_type=\"container\">\n\t\t\t\t\t<div class=\"e-con-inner\">\n\t\t\t\t<div class=\"elementor-element elementor-element-e80fb20 elementor-widget elementor-widget-spacer\" data-id=\"e80fb20\" data-element_type=\"widget\" data-widget_type=\"spacer.default\">\n\t\t\t\t<div class=\"elementor-widget-container\">\n\t\t\t\t\t\t\t<div class=\"elementor-spacer\">\n\t\t\t<div class=\"elementor-spacer-inner\"><\/div>\n\t\t<\/div>\n\t\t\t\t\t\t<\/div>\n\t\t\t\t<\/div>\n\t\t\t\t\t<\/div>\n\t\t\t\t<\/div>\n\t\t<div class=\"elementor-element elementor-element-f59444e e-flex e-con-boxed e-con e-parent\" data-id=\"f59444e\" data-element_type=\"container\">\n\t\t\t\t\t<div class=\"e-con-inner\">\n\t\t\t\t<div class=\"elementor-element elementor-element-12d09ca elementor-widget elementor-widget-heading\" data-id=\"12d09ca\" data-element_type=\"widget\" data-widget_type=\"heading.default\">\n\t\t\t\t<div class=\"elementor-widget-container\">\n\t\t\t\t\t<h2 class=\"elementor-heading-title elementor-size-default\">Protecci\u00f3n e Infraestructura: Seguridad sin Compromisos\n<\/h2>\t\t\t\t<\/div>\n\t\t\t\t<\/div>\n\t\t\t\t<div class=\"elementor-element elementor-element-ad85469 elementor-widget elementor-widget-text-editor\" data-id=\"ad85469\" data-element_type=\"widget\" data-widget_type=\"text-editor.default\">\n\t\t\t\t<div class=\"elementor-widget-container\">\n\t\t\t\t\t\t\t\t\t<p data-start=\"5529\" data-end=\"5803\">Una infraestructura bien protegida <strong data-start=\"5564\" data-end=\"5639\">no es solo una barrera contra los ataques, sino una ventaja estrat\u00e9gica<\/strong>. Permite a las empresas operar con confianza, expandirse sin miedo a vulnerabilidades y garantizar que la innovaci\u00f3n no se vea limitada por riesgos de seguridad.<\/p><p data-start=\"5805\" data-end=\"6077\">En este pilar, <strong data-start=\"5820\" data-end=\"5860\">cada decisi\u00f3n tiene una raz\u00f3n de ser<\/strong>: cada servidor protegido es una filtraci\u00f3n de datos evitada, cada acceso controlado es una credencial que no caer\u00e1 en manos equivocadas y cada entorno cloud asegurado es un punto menos de exposici\u00f3n al ciberdelito.<\/p><p data-start=\"6079\" data-end=\"6355\" data-is-last-node=\"\" data-is-only-node=\"\">La ciberseguridad no se trata solo de reaccionar ante incidentes. <strong data-start=\"6145\" data-end=\"6243\">Se trata de construir infraestructuras que impidan que los incidentes ocurran en primer lugar.<\/strong> Porque en la batalla digital, la mejor defensa es aquella que nunca permite que el enemigo ponga un pie dentro.<\/p>\t\t\t\t\t\t\t\t<\/div>\n\t\t\t\t<\/div>\n\t\t\t\t\t<\/div>\n\t\t\t\t<\/div>\n\t\t<div class=\"elementor-element elementor-element-d964e0a e-flex e-con-boxed e-con e-parent\" data-id=\"d964e0a\" data-element_type=\"container\">\n\t\t\t\t\t<div class=\"e-con-inner\">\n\t\t\t\t<div class=\"elementor-element elementor-element-829e611 elementor-widget elementor-widget-spacer\" data-id=\"829e611\" data-element_type=\"widget\" data-widget_type=\"spacer.default\">\n\t\t\t\t<div class=\"elementor-widget-container\">\n\t\t\t\t\t\t\t<div class=\"elementor-spacer\">\n\t\t\t<div class=\"elementor-spacer-inner\"><\/div>\n\t\t<\/div>\n\t\t\t\t\t\t<\/div>\n\t\t\t\t<\/div>\n\t\t\t\t\t<\/div>\n\t\t\t\t<\/div>\n\t\t<div class=\"elementor-element elementor-element-b8af988 e-grid e-con-boxed e-con e-parent\" data-id=\"b8af988\" data-element_type=\"container\">\n\t\t\t\t\t<div class=\"e-con-inner\">\n\t\t\t\t<div class=\"elementor-element elementor-element-254c558 elementor-widget elementor-widget-heading\" data-id=\"254c558\" data-element_type=\"widget\" data-widget_type=\"heading.default\">\n\t\t\t\t<div class=\"elementor-widget-container\">\n\t\t\t\t\t<h6 class=\"elementor-heading-title elementor-size-default\">Ciberseguridad, Consultor\u00eda, Ciberdefensa<\/h6>\t\t\t\t<\/div>\n\t\t\t\t<\/div>\n\t\t\t\t<div class=\"elementor-element elementor-element-80b1dc3 elementor-align-center elementor-widget elementor-widget-button\" data-id=\"80b1dc3\" data-element_type=\"widget\" data-widget_type=\"button.default\">\n\t\t\t\t<div class=\"elementor-widget-container\">\n\t\t\t\t\t\t\t\t\t<div class=\"elementor-button-wrapper\">\n\t\t\t\t\t<a class=\"elementor-button elementor-button-link elementor-size-sm\" href=\"https:\/\/cybersecurity.cl\/index.php\/quienes\/\">\n\t\t\t\t\t\t<span class=\"elementor-button-content-wrapper\">\n\t\t\t\t\t\t\t\t\t<span class=\"elementor-button-text\">Sobre Nosotros<\/span>\n\t\t\t\t\t<\/span>\n\t\t\t\t\t<\/a>\n\t\t\t\t<\/div>\n\t\t\t\t\t\t\t\t<\/div>\n\t\t\t\t<\/div>\n\t\t\t\t<div class=\"elementor-element elementor-element-b236162 elementor-align-center elementor-widget elementor-widget-button\" data-id=\"b236162\" data-element_type=\"widget\" data-widget_type=\"button.default\">\n\t\t\t\t<div class=\"elementor-widget-container\">\n\t\t\t\t\t\t\t\t\t<div class=\"elementor-button-wrapper\">\n\t\t\t\t\t<a class=\"elementor-button elementor-button-link elementor-size-sm\" href=\"https:\/\/cybersecurity.cl\/index.php\/contacto\/\">\n\t\t\t\t\t\t<span class=\"elementor-button-content-wrapper\">\n\t\t\t\t\t\t\t\t\t<span class=\"elementor-button-text\">Cont\u00e1ctanos<\/span>\n\t\t\t\t\t<\/span>\n\t\t\t\t\t<\/a>\n\t\t\t\t<\/div>\n\t\t\t\t\t\t\t\t<\/div>\n\t\t\t\t<\/div>\n\t\t\t\t<div class=\"elementor-element elementor-element-e77f9da elementor-widget elementor-widget-heading\" data-id=\"e77f9da\" data-element_type=\"widget\" data-widget_type=\"heading.default\">\n\t\t\t\t<div class=\"elementor-widget-container\">\n\t\t\t\t\t<h6 class=\"elementor-heading-title elementor-size-default\">Ciberseguridad, Consultor\u00eda, Ciberdefensa<\/h6>\t\t\t\t<\/div>\n\t\t\t\t<\/div>\n\t\t\t\t\t<\/div>\n\t\t\t\t<\/div>\n\t\t\t\t<\/div>\n\t\t","protected":false},"excerpt":{"rendered":"<p>Servicios\u00a0 &gt;\u00a0 Protecci\u00f3n e Infraestructura Protecci\u00f3n e Infraestructura: Construyendo Fortalezas Digitales en un Mundo de Amenazas Invisibles La ciberseguridad no es solo una cuesti\u00f3n de detecci\u00f3n y respuesta. Es, ante todo, una carrera contra el tiempo. La capacidad de anticipar ataques y dise\u00f1ar una infraestructura resiliente es lo que separa a las empresas que prosperan [&hellip;]<\/p>\n","protected":false},"author":1,"featured_media":0,"parent":18,"menu_order":0,"comment_status":"closed","ping_status":"closed","template":"","meta":{"footnotes":""},"class_list":["post-130","page","type-page","status-publish","hentry"],"_links":{"self":[{"href":"https:\/\/cybersecurity.cl\/index.php\/wp-json\/wp\/v2\/pages\/130","targetHints":{"allow":["GET"]}}],"collection":[{"href":"https:\/\/cybersecurity.cl\/index.php\/wp-json\/wp\/v2\/pages"}],"about":[{"href":"https:\/\/cybersecurity.cl\/index.php\/wp-json\/wp\/v2\/types\/page"}],"author":[{"embeddable":true,"href":"https:\/\/cybersecurity.cl\/index.php\/wp-json\/wp\/v2\/users\/1"}],"replies":[{"embeddable":true,"href":"https:\/\/cybersecurity.cl\/index.php\/wp-json\/wp\/v2\/comments?post=130"}],"version-history":[{"count":32,"href":"https:\/\/cybersecurity.cl\/index.php\/wp-json\/wp\/v2\/pages\/130\/revisions"}],"predecessor-version":[{"id":628,"href":"https:\/\/cybersecurity.cl\/index.php\/wp-json\/wp\/v2\/pages\/130\/revisions\/628"}],"up":[{"embeddable":true,"href":"https:\/\/cybersecurity.cl\/index.php\/wp-json\/wp\/v2\/pages\/18"}],"wp:attachment":[{"href":"https:\/\/cybersecurity.cl\/index.php\/wp-json\/wp\/v2\/media?parent=130"}],"curies":[{"name":"wp","href":"https:\/\/api.w.org\/{rel}","templated":true}]}}