{"id":144,"date":"2025-03-07T11:20:30","date_gmt":"2025-03-07T14:20:30","guid":{"rendered":"http:\/\/www.cybersecurity.cl\/?page_id=144"},"modified":"2025-03-11T09:34:28","modified_gmt":"2025-03-11T12:34:28","slug":"pentesting","status":"publish","type":"page","link":"https:\/\/cybersecurity.cl\/index.php\/servicios\/pentesting\/","title":{"rendered":""},"content":{"rendered":"\t\t<div data-elementor-type=\"wp-page\" data-elementor-id=\"144\" class=\"elementor elementor-144\" data-elementor-post-type=\"page\">\n\t\t\t\t<div class=\"elementor-element elementor-element-b0ae2e7 e-flex e-con-boxed e-con e-parent\" data-id=\"b0ae2e7\" data-element_type=\"container\">\n\t\t\t\t\t<div class=\"e-con-inner\">\n\t\t\t\t<div class=\"elementor-element elementor-element-e51a93d elementor-widget elementor-widget-image\" data-id=\"e51a93d\" data-element_type=\"widget\" data-widget_type=\"image.default\">\n\t\t\t\t<div class=\"elementor-widget-container\">\n\t\t\t\t\t\t\t\t\t\t\t\t\t\t\t<img decoding=\"async\" src=\"https:\/\/cybersecurity.cl\/wp-content\/uploads\/2025\/03\/banner-pentesting-modified-min.png\" title=\"banner-pentesting-modified-min\" alt=\"banner-pentesting-modified-min\" loading=\"lazy\" \/>\t\t\t\t\t\t\t\t\t\t\t\t\t\t\t<\/div>\n\t\t\t\t<\/div>\n\t\t\t\t\t<\/div>\n\t\t\t\t<\/div>\n\t\t<div class=\"elementor-element elementor-element-1f825bc e-flex e-con-boxed e-con e-parent\" data-id=\"1f825bc\" data-element_type=\"container\">\n\t\t\t\t\t<div class=\"e-con-inner\">\n\t\t\t\t<div class=\"elementor-element elementor-element-d4e4e3a elementor-widget elementor-widget-text-editor\" data-id=\"d4e4e3a\" data-element_type=\"widget\" data-widget_type=\"text-editor.default\">\n\t\t\t\t<div class=\"elementor-widget-container\">\n\t\t\t\t\t\t\t\t\t<p><a href=\"https:\/\/cybersecurity.cl\/index.php\/servicios\/\">Servicios\u00a0 &gt;<\/a>\u00a0 Pruebas de Intrusi\u00f3n y Hardening<\/p>\t\t\t\t\t\t\t\t<\/div>\n\t\t\t\t<\/div>\n\t\t\t\t\t<\/div>\n\t\t\t\t<\/div>\n\t\t<div class=\"elementor-element elementor-element-5977841 e-flex e-con-boxed e-con e-parent\" data-id=\"5977841\" data-element_type=\"container\">\n\t\t\t\t\t<div class=\"e-con-inner\">\n\t\t\t\t<div class=\"elementor-element elementor-element-32623c8 elementor-widget elementor-widget-heading\" data-id=\"32623c8\" data-element_type=\"widget\" data-widget_type=\"heading.default\">\n\t\t\t\t<div class=\"elementor-widget-container\">\n\t\t\t\t\t<h1 class=\"elementor-heading-title elementor-size-default\">Pruebas de Intrusi\u00f3n y Hardening: El Arte de la Defensa a Trav\u00e9s del Ataque<\/h1>\t\t\t\t<\/div>\n\t\t\t\t<\/div>\n\t\t\t\t\t<\/div>\n\t\t\t\t<\/div>\n\t\t<div class=\"elementor-element elementor-element-6bb7cbf e-flex e-con-boxed e-con e-parent\" data-id=\"6bb7cbf\" data-element_type=\"container\">\n\t\t\t\t\t<div class=\"e-con-inner\">\n\t\t\t\t<div class=\"elementor-element elementor-element-111709b elementor-widget elementor-widget-text-editor\" data-id=\"111709b\" data-element_type=\"widget\" data-widget_type=\"text-editor.default\">\n\t\t\t\t<div class=\"elementor-widget-container\">\n\t\t\t\t\t\t\t\t\t<p data-start=\"85\" data-end=\"418\">En el mundo digital, la seguridad no se trata solo de levantar muros y reforzar puertas. Se trata de <strong data-start=\"186\" data-end=\"288\">pensar como el atacante, anticipar sus movimientos y cerrar cada grieta antes de que sea explotada<\/strong>. En la ciberseguridad moderna, la \u00fanica forma de garantizar que una infraestructura es segura <strong data-start=\"383\" data-end=\"415\">es intentar romperla primero<\/strong>.<\/p><p data-start=\"420\" data-end=\"907\">Las pruebas de intrusi\u00f3n y el hardening son <strong data-start=\"464\" data-end=\"523\">la manifestaci\u00f3n m\u00e1s pura de la ciberseguridad ofensiva<\/strong>, una estrategia en la que simulamos ataques reales contra sistemas, redes y aplicaciones para identificar debilidades antes de que los delincuentes lo hagan. No se trata de buscar problemas al azar, sino de una metodolog\u00eda estructurada donde cada fallo descubierto <strong data-start=\"789\" data-end=\"905\">se convierte en una oportunidad de refuerzo, una posibilidad de blindar la organizaci\u00f3n contra futuras amenazas.<\/strong><\/p><p data-start=\"909\" data-end=\"1308\">Este pilar de ciberseguridad <strong data-start=\"938\" data-end=\"997\">fusiona la mentalidad hacker con la rigurosidad t\u00e9cnica<\/strong> de la seguridad empresarial. Aplicamos t\u00e9cnicas de penetraci\u00f3n avanzadas, aprovechamos vectores de ataque reales y evaluamos la infraestructura con los mismos m\u00e9todos que utilizan los grupos de ciberdelincuentes m\u00e1s sofisticados del mundo. Pero aqu\u00ed hay una diferencia clave: <strong data-start=\"1274\" data-end=\"1305\">nosotros trabajamos para ti<\/strong>.<\/p><p data-start=\"1310\" data-end=\"1574\">Cada vulnerabilidad identificada es una victoria, porque nos permite fortalecer la infraestructura y reducir el riesgo antes de que alguien con intenciones maliciosas intente explotarla. A continuaci\u00f3n, detallamos los servicios que conforman este pilar esencial.<\/p>\t\t\t\t\t\t\t\t<\/div>\n\t\t\t\t<\/div>\n\t\t\t\t\t<\/div>\n\t\t\t\t<\/div>\n\t\t<div class=\"elementor-element elementor-element-c0a9a22 e-flex e-con-boxed e-con e-parent\" data-id=\"c0a9a22\" data-element_type=\"container\">\n\t\t\t\t\t<div class=\"e-con-inner\">\n\t\t\t\t<div class=\"elementor-element elementor-element-b8db257 elementor-widget elementor-widget-spacer\" data-id=\"b8db257\" data-element_type=\"widget\" data-widget_type=\"spacer.default\">\n\t\t\t\t<div class=\"elementor-widget-container\">\n\t\t\t\t\t\t\t<div class=\"elementor-spacer\">\n\t\t\t<div class=\"elementor-spacer-inner\"><\/div>\n\t\t<\/div>\n\t\t\t\t\t\t<\/div>\n\t\t\t\t<\/div>\n\t\t\t\t\t<\/div>\n\t\t\t\t<\/div>\n\t\t<div class=\"elementor-element elementor-element-7a29ee0 e-flex e-con-boxed e-con e-parent\" data-id=\"7a29ee0\" data-element_type=\"container\">\n\t\t\t\t\t<div class=\"e-con-inner\">\n\t\t\t\t<div class=\"elementor-element elementor-element-765ff4d elementor-widget elementor-widget-heading\" data-id=\"765ff4d\" data-element_type=\"widget\" data-widget_type=\"heading.default\">\n\t\t\t\t<div class=\"elementor-widget-container\">\n\t\t\t\t\t<h3 class=\"elementor-heading-title elementor-size-default\">Pentesting de Redes y Aplicaciones: Rompiendo para Proteger<\/h3>\t\t\t\t<\/div>\n\t\t\t\t<\/div>\n\t\t\t\t<div class=\"elementor-element elementor-element-eaec732 elementor-widget elementor-widget-text-editor\" data-id=\"eaec732\" data-element_type=\"widget\" data-widget_type=\"text-editor.default\">\n\t\t\t\t<div class=\"elementor-widget-container\">\n\t\t\t\t\t\t\t\t\t<p data-start=\"1654\" data-end=\"1865\">Los sistemas no fallan en las \u00e1reas donde la seguridad es obvia; <strong data-start=\"1719\" data-end=\"1745\">fallan en los detalles<\/strong>, en los puntos ciegos que nadie revisa, en las combinaciones inesperadas de tecnolog\u00edas que crean brechas invisibles.<\/p><p data-start=\"1867\" data-end=\"2260\">El pentesting no es una simple evaluaci\u00f3n de vulnerabilidades. Es un <strong data-start=\"1936\" data-end=\"1957\">ataque controlado<\/strong>, dise\u00f1ado para replicar escenarios reales de intrusi\u00f3n en redes, aplicaciones web y m\u00f3viles, servidores y dispositivos conectados. Simulamos ataques desde m\u00faltiples perspectivas \u2014externa, interna y de usuarios con acceso privilegiado\u2014 para evaluar qu\u00e9 tan lejos puede llegar un atacante en cada caso.<\/p><p data-start=\"2262\" data-end=\"2439\">Al final, no solo entregamos un informe con fallos de seguridad, <strong data-start=\"2327\" data-end=\"2436\">sino un mapa detallado de c\u00f3mo corregir cada vulnerabilidad antes de que se convierta en un problema real<\/strong>.<\/p>\t\t\t\t\t\t\t\t<\/div>\n\t\t\t\t<\/div>\n\t\t\t\t<div class=\"elementor-element elementor-element-05774b7 elementor-widget elementor-widget-spacer\" data-id=\"05774b7\" data-element_type=\"widget\" data-widget_type=\"spacer.default\">\n\t\t\t\t<div class=\"elementor-widget-container\">\n\t\t\t\t\t\t\t<div class=\"elementor-spacer\">\n\t\t\t<div class=\"elementor-spacer-inner\"><\/div>\n\t\t<\/div>\n\t\t\t\t\t\t<\/div>\n\t\t\t\t<\/div>\n\t\t\t\t\t<\/div>\n\t\t\t\t<\/div>\n\t\t<div class=\"elementor-element elementor-element-6f0fa01 e-flex e-con-boxed e-con e-parent\" data-id=\"6f0fa01\" data-element_type=\"container\">\n\t\t\t\t\t<div class=\"e-con-inner\">\n\t\t\t\t<div class=\"elementor-element elementor-element-82aa566 elementor-widget elementor-widget-heading\" data-id=\"82aa566\" data-element_type=\"widget\" data-widget_type=\"heading.default\">\n\t\t\t\t<div class=\"elementor-widget-container\">\n\t\t\t\t\t<h3 class=\"elementor-heading-title elementor-size-default\">Simulaciones de Red Teaming: Ataques Avanzados, Estrategias Reales<\/h3>\t\t\t\t<\/div>\n\t\t\t\t<\/div>\n\t\t\t\t<div class=\"elementor-element elementor-element-4e72514 elementor-widget elementor-widget-text-editor\" data-id=\"4e72514\" data-element_type=\"widget\" data-widget_type=\"text-editor.default\">\n\t\t\t\t<div class=\"elementor-widget-container\">\n\t\t\t\t\t\t\t\t\t<p data-start=\"2526\" data-end=\"2846\">Las pruebas de intrusi\u00f3n tradicionales eval\u00faan sistemas individuales. <strong data-start=\"2596\" data-end=\"2631\">Pero el Red Teaming va m\u00e1s all\u00e1<\/strong>. Es una simulaci\u00f3n de ataque completa, donde nuestros especialistas act\u00faan como una c\u00e9lula de cibercriminales altamente organizada, con el objetivo de comprometer la empresa utilizando cualquier medio disponible.<\/p><p data-start=\"2848\" data-end=\"3209\">Utilizamos <strong data-start=\"2859\" data-end=\"2969\">ingenier\u00eda social, phishing dirigido, ataques f\u00edsicos, exploits avanzados y t\u00e9cnicas de movimiento lateral<\/strong> para evaluar qu\u00e9 tan bien est\u00e1n preparadas las defensas organizacionales ante una amenaza real. No hay avisos previos. No hay escenarios predefinidos. <strong data-start=\"3121\" data-end=\"3207\">Solo hay una misi\u00f3n: encontrar el camino m\u00e1s efectivo para comprometer la empresa.<\/strong><\/p><p data-start=\"3211\" data-end=\"3416\">El resultado es un an\u00e1lisis completo de la resiliencia organizacional, desde el nivel tecnol\u00f3gico hasta el factor humano, con recomendaciones pr\u00e1cticas para elevar la seguridad a un nivel inquebrantable.<\/p>\t\t\t\t\t\t\t\t<\/div>\n\t\t\t\t<\/div>\n\t\t\t\t<div class=\"elementor-element elementor-element-cb7c0a1 elementor-widget elementor-widget-spacer\" data-id=\"cb7c0a1\" data-element_type=\"widget\" data-widget_type=\"spacer.default\">\n\t\t\t\t<div class=\"elementor-widget-container\">\n\t\t\t\t\t\t\t<div class=\"elementor-spacer\">\n\t\t\t<div class=\"elementor-spacer-inner\"><\/div>\n\t\t<\/div>\n\t\t\t\t\t\t<\/div>\n\t\t\t\t<\/div>\n\t\t\t\t\t<\/div>\n\t\t\t\t<\/div>\n\t\t<div class=\"elementor-element elementor-element-6f983f4 e-flex e-con-boxed e-con e-parent\" data-id=\"6f983f4\" data-element_type=\"container\">\n\t\t\t\t\t<div class=\"e-con-inner\">\n\t\t\t\t<div class=\"elementor-element elementor-element-b6cce2a elementor-widget elementor-widget-heading\" data-id=\"b6cce2a\" data-element_type=\"widget\" data-widget_type=\"heading.default\">\n\t\t\t\t<div class=\"elementor-widget-container\">\n\t\t\t\t\t<h3 class=\"elementor-heading-title elementor-size-default\">Evaluaci\u00f3n de Seguridad en IoT y Dispositivos Industriales: El Nuevo Campo de Batalla<\/h3>\t\t\t\t<\/div>\n\t\t\t\t<\/div>\n\t\t\t\t<div class=\"elementor-element elementor-element-8376b1f elementor-widget elementor-widget-text-editor\" data-id=\"8376b1f\" data-element_type=\"widget\" data-widget_type=\"text-editor.default\">\n\t\t\t\t<div class=\"elementor-widget-container\">\n\t\t\t\t\t\t\t\t\t<p data-start=\"3522\" data-end=\"3799\">La interconexi\u00f3n de dispositivos ha transformado la productividad, pero tambi\u00e9n ha abierto una <strong data-start=\"3617\" data-end=\"3647\">nueva superficie de ataque<\/strong>. Desde sensores industriales hasta sistemas de dom\u00f3tica y dispositivos m\u00e9dicos, cada punto conectado a una red representa una posible vulnerabilidad.<\/p><p data-start=\"3801\" data-end=\"4080\">Realizamos pruebas especializadas en <strong data-start=\"3838\" data-end=\"3961\">protocolos de comunicaci\u00f3n, configuraciones de seguridad y puntos de acceso en dispositivos IoT y entornos industriales<\/strong>. Descubrimos brechas que podr\u00edan permitir accesos no autorizados, secuestro de sistemas o interrupciones operativas.<\/p><p data-start=\"4082\" data-end=\"4240\">Porque en el mundo del IoT, la seguridad no es solo cuesti\u00f3n de TI. <strong data-start=\"4150\" data-end=\"4238\">Es una cuesti\u00f3n de continuidad operativa y protecci\u00f3n de la infraestructura cr\u00edtica.<\/strong><\/p>\t\t\t\t\t\t\t\t<\/div>\n\t\t\t\t<\/div>\n\t\t\t\t<div class=\"elementor-element elementor-element-b493c8f elementor-widget elementor-widget-spacer\" data-id=\"b493c8f\" data-element_type=\"widget\" data-widget_type=\"spacer.default\">\n\t\t\t\t<div class=\"elementor-widget-container\">\n\t\t\t\t\t\t\t<div class=\"elementor-spacer\">\n\t\t\t<div class=\"elementor-spacer-inner\"><\/div>\n\t\t<\/div>\n\t\t\t\t\t\t<\/div>\n\t\t\t\t<\/div>\n\t\t\t\t\t<\/div>\n\t\t\t\t<\/div>\n\t\t<div class=\"elementor-element elementor-element-82e04ba e-flex e-con-boxed e-con e-parent\" data-id=\"82e04ba\" data-element_type=\"container\">\n\t\t\t\t\t<div class=\"e-con-inner\">\n\t\t\t\t<div class=\"elementor-element elementor-element-7b87985 elementor-widget elementor-widget-heading\" data-id=\"7b87985\" data-element_type=\"widget\" data-widget_type=\"heading.default\">\n\t\t\t\t<div class=\"elementor-widget-container\">\n\t\t\t\t\t<h3 class=\"elementor-heading-title elementor-size-default\">Hardening de Servidores y Sistemas Cr\u00edticos: Cerrando las Puertas Antes del Ataque<\/h3>\t\t\t\t<\/div>\n\t\t\t\t<\/div>\n\t\t\t\t<div class=\"elementor-element elementor-element-f4dd621 elementor-widget elementor-widget-text-editor\" data-id=\"f4dd621\" data-element_type=\"widget\" data-widget_type=\"text-editor.default\">\n\t\t\t\t<div class=\"elementor-widget-container\">\n\t\t\t\t\t\t\t\t\t<p data-start=\"4343\" data-end=\"4473\">Las pruebas de intrusi\u00f3n nos dicen d\u00f3nde est\u00e1n las vulnerabilidades. <strong data-start=\"4412\" data-end=\"4471\">El hardening es el siguiente paso: eliminarlas de ra\u00edz.<\/strong><\/p><p data-start=\"4475\" data-end=\"4883\">El endurecimiento de sistemas es una optimizaci\u00f3n profunda de la seguridad en servidores, bases de datos, dispositivos y redes. Desde la eliminaci\u00f3n de configuraciones predeterminadas hasta el cierre de puertos innecesarios y la aplicaci\u00f3n de pol\u00edticas de acceso restrictivas, <strong data-start=\"4752\" data-end=\"4881\">cada ajuste reduce la superficie de ataque y hace que la infraestructura sea m\u00e1s resistente a cualquier intento de intrusi\u00f3n.<\/strong><\/p><p data-start=\"4885\" data-end=\"5146\">Adem\u00e1s, implementamos controles avanzados como <strong data-start=\"4932\" data-end=\"5039\">listas blancas de aplicaciones, segmentaci\u00f3n de redes y protecci\u00f3n contra ejecuci\u00f3n de c\u00f3digo malicioso<\/strong>, asegurando que incluso si un atacante logra entrar, <strong data-start=\"5093\" data-end=\"5144\">se encuentre atrapado en un entorno sin salida.<\/strong><\/p>\t\t\t\t\t\t\t\t<\/div>\n\t\t\t\t<\/div>\n\t\t\t\t<div class=\"elementor-element elementor-element-91c657d elementor-widget elementor-widget-spacer\" data-id=\"91c657d\" data-element_type=\"widget\" data-widget_type=\"spacer.default\">\n\t\t\t\t<div class=\"elementor-widget-container\">\n\t\t\t\t\t\t\t<div class=\"elementor-spacer\">\n\t\t\t<div class=\"elementor-spacer-inner\"><\/div>\n\t\t<\/div>\n\t\t\t\t\t\t<\/div>\n\t\t\t\t<\/div>\n\t\t\t\t\t<\/div>\n\t\t\t\t<\/div>\n\t\t<div class=\"elementor-element elementor-element-2a387f6 e-flex e-con-boxed e-con e-parent\" data-id=\"2a387f6\" data-element_type=\"container\">\n\t\t\t\t\t<div class=\"e-con-inner\">\n\t\t\t\t<div class=\"elementor-element elementor-element-b392fbe elementor-widget elementor-widget-heading\" data-id=\"b392fbe\" data-element_type=\"widget\" data-widget_type=\"heading.default\">\n\t\t\t\t<div class=\"elementor-widget-container\">\n\t\t\t\t\t<h3 class=\"elementor-heading-title elementor-size-default\">Evaluaci\u00f3n de Seguridad en APIs y Servicios Web: La Frontera M\u00e1s Expuesta<\/h3>\t\t\t\t<\/div>\n\t\t\t\t<\/div>\n\t\t\t\t<div class=\"elementor-element elementor-element-b4563c5 elementor-widget elementor-widget-text-editor\" data-id=\"b4563c5\" data-element_type=\"widget\" data-widget_type=\"text-editor.default\">\n\t\t\t\t<div class=\"elementor-widget-container\">\n\t\t\t\t\t\t\t\t\t<p data-start=\"5240\" data-end=\"5522\">Las API y los servicios web son <strong data-start=\"5272\" data-end=\"5316\">el nuevo per\u00edmetro de las organizaciones<\/strong>. Conectan sistemas, permiten la integraci\u00f3n de datos y ofrecen funcionalidades avanzadas a usuarios y proveedores. Pero tambi\u00e9n <strong data-start=\"5445\" data-end=\"5519\">se han convertido en uno de los principales objetivos de los atacantes<\/strong>.<\/p><p data-start=\"5524\" data-end=\"5843\">Analizamos API p\u00fablicas, privadas e h\u00edbridas en busca de <strong data-start=\"5581\" data-end=\"5709\">autenticaciones d\u00e9biles, exposici\u00f3n de datos sensibles, ataques de inyecci\u00f3n y errores en la gesti\u00f3n de tokens de seguridad.<\/strong> Evaluamos la infraestructura que las soporta y dise\u00f1amos estrategias de protecci\u00f3n para garantizar que cada interacci\u00f3n sea segura.<\/p><p data-start=\"5845\" data-end=\"6025\">Porque en un mundo donde la conectividad es el est\u00e1ndar, <strong data-start=\"5902\" data-end=\"6023\">asegurar cada punto de integraci\u00f3n es la \u00fanica forma de garantizar que los datos y sistemas permanezcan bajo control.<\/strong><\/p>\t\t\t\t\t\t\t\t<\/div>\n\t\t\t\t<\/div>\n\t\t\t\t\t<\/div>\n\t\t\t\t<\/div>\n\t\t<div class=\"elementor-element elementor-element-88917c0 e-flex e-con-boxed e-con e-parent\" data-id=\"88917c0\" data-element_type=\"container\">\n\t\t\t\t\t<div class=\"e-con-inner\">\n\t\t\t\t<div class=\"elementor-element elementor-element-c99d44f elementor-widget elementor-widget-spacer\" data-id=\"c99d44f\" data-element_type=\"widget\" data-widget_type=\"spacer.default\">\n\t\t\t\t<div class=\"elementor-widget-container\">\n\t\t\t\t\t\t\t<div class=\"elementor-spacer\">\n\t\t\t<div class=\"elementor-spacer-inner\"><\/div>\n\t\t<\/div>\n\t\t\t\t\t\t<\/div>\n\t\t\t\t<\/div>\n\t\t\t\t\t<\/div>\n\t\t\t\t<\/div>\n\t\t<div class=\"elementor-element elementor-element-9a18b5e e-flex e-con-boxed e-con e-parent\" data-id=\"9a18b5e\" data-element_type=\"container\">\n\t\t\t\t\t<div class=\"e-con-inner\">\n\t\t\t\t<div class=\"elementor-element elementor-element-f617379 elementor-widget elementor-widget-heading\" data-id=\"f617379\" data-element_type=\"widget\" data-widget_type=\"heading.default\">\n\t\t\t\t<div class=\"elementor-widget-container\">\n\t\t\t\t\t<h2 class=\"elementor-heading-title elementor-size-default\">Pruebas de Intrusi\u00f3n y Hardening: No Hay Seguridad sin Pruebas Reales<\/h2>\t\t\t\t<\/div>\n\t\t\t\t<\/div>\n\t\t\t\t<div class=\"elementor-element elementor-element-c827594 elementor-widget elementor-widget-text-editor\" data-id=\"c827594\" data-element_type=\"widget\" data-widget_type=\"text-editor.default\">\n\t\t\t\t<div class=\"elementor-widget-container\">\n\t\t\t\t\t\t\t\t\t<p data-start=\"6112\" data-end=\"6343\">La \u00fanica forma de saber si una infraestructura es realmente segura <strong data-start=\"6179\" data-end=\"6202\">es ponerla a prueba<\/strong>. No en un laboratorio controlado, sino en simulaciones de ataque que reflejan exactamente c\u00f3mo actuar\u00eda un ciberdelincuente experimentado.<\/p><p data-start=\"6345\" data-end=\"6605\">Cada brecha descubierta es una lecci\u00f3n aprendida antes de que se convierta en una crisis. Cada vulnerabilidad corregida es una oportunidad menos para que los atacantes se infiltren. Y cada sistema endurecido es un paso m\u00e1s hacia una seguridad inquebrantable.<\/p><p data-start=\"6607\" data-end=\"6821\" data-is-last-node=\"\" data-is-only-node=\"\">En este pilar, <strong data-start=\"6622\" data-end=\"6664\">la seguridad no se asume, se demuestra<\/strong>. Porque en el mundo digital, <strong data-start=\"6694\" data-end=\"6821\" data-is-last-node=\"\">las empresas que sobreviven no son las que reaccionan mejor a los ataques, sino las que los previenen antes de que sucedan.<\/strong><\/p>\t\t\t\t\t\t\t\t<\/div>\n\t\t\t\t<\/div>\n\t\t\t\t\t<\/div>\n\t\t\t\t<\/div>\n\t\t<div class=\"elementor-element elementor-element-ee176bc e-flex e-con-boxed e-con e-parent\" data-id=\"ee176bc\" data-element_type=\"container\">\n\t\t\t\t\t<div class=\"e-con-inner\">\n\t\t\t\t<div class=\"elementor-element elementor-element-b09c120 elementor-widget elementor-widget-spacer\" data-id=\"b09c120\" data-element_type=\"widget\" data-widget_type=\"spacer.default\">\n\t\t\t\t<div class=\"elementor-widget-container\">\n\t\t\t\t\t\t\t<div class=\"elementor-spacer\">\n\t\t\t<div class=\"elementor-spacer-inner\"><\/div>\n\t\t<\/div>\n\t\t\t\t\t\t<\/div>\n\t\t\t\t<\/div>\n\t\t\t\t\t<\/div>\n\t\t\t\t<\/div>\n\t\t<div class=\"elementor-element elementor-element-6f844a1 e-grid e-con-boxed e-con e-parent\" data-id=\"6f844a1\" data-element_type=\"container\">\n\t\t\t\t\t<div class=\"e-con-inner\">\n\t\t\t\t<div class=\"elementor-element elementor-element-72f32b3 elementor-widget elementor-widget-heading\" data-id=\"72f32b3\" data-element_type=\"widget\" data-widget_type=\"heading.default\">\n\t\t\t\t<div class=\"elementor-widget-container\">\n\t\t\t\t\t<h6 class=\"elementor-heading-title elementor-size-default\">Ciberseguridad, Consultor\u00eda, Ciberdefensa<\/h6>\t\t\t\t<\/div>\n\t\t\t\t<\/div>\n\t\t\t\t<div class=\"elementor-element elementor-element-c82e69a elementor-align-center elementor-widget elementor-widget-button\" data-id=\"c82e69a\" data-element_type=\"widget\" data-widget_type=\"button.default\">\n\t\t\t\t<div class=\"elementor-widget-container\">\n\t\t\t\t\t\t\t\t\t<div class=\"elementor-button-wrapper\">\n\t\t\t\t\t<a class=\"elementor-button elementor-button-link elementor-size-sm\" href=\"https:\/\/cybersecurity.cl\/index.php\/quienes\/\">\n\t\t\t\t\t\t<span class=\"elementor-button-content-wrapper\">\n\t\t\t\t\t\t\t\t\t<span class=\"elementor-button-text\">Sobre Nosotros<\/span>\n\t\t\t\t\t<\/span>\n\t\t\t\t\t<\/a>\n\t\t\t\t<\/div>\n\t\t\t\t\t\t\t\t<\/div>\n\t\t\t\t<\/div>\n\t\t\t\t<div class=\"elementor-element elementor-element-d5c0dad elementor-align-center elementor-widget elementor-widget-button\" data-id=\"d5c0dad\" data-element_type=\"widget\" data-widget_type=\"button.default\">\n\t\t\t\t<div class=\"elementor-widget-container\">\n\t\t\t\t\t\t\t\t\t<div class=\"elementor-button-wrapper\">\n\t\t\t\t\t<a class=\"elementor-button elementor-button-link elementor-size-sm\" href=\"https:\/\/cybersecurity.cl\/index.php\/contacto\/\">\n\t\t\t\t\t\t<span class=\"elementor-button-content-wrapper\">\n\t\t\t\t\t\t\t\t\t<span class=\"elementor-button-text\">Cont\u00e1ctanos<\/span>\n\t\t\t\t\t<\/span>\n\t\t\t\t\t<\/a>\n\t\t\t\t<\/div>\n\t\t\t\t\t\t\t\t<\/div>\n\t\t\t\t<\/div>\n\t\t\t\t<div class=\"elementor-element elementor-element-26eb087 elementor-widget elementor-widget-heading\" data-id=\"26eb087\" data-element_type=\"widget\" data-widget_type=\"heading.default\">\n\t\t\t\t<div class=\"elementor-widget-container\">\n\t\t\t\t\t<h6 class=\"elementor-heading-title elementor-size-default\">Ciberseguridad, Consultor\u00eda, Ciberdefensa<\/h6>\t\t\t\t<\/div>\n\t\t\t\t<\/div>\n\t\t\t\t\t<\/div>\n\t\t\t\t<\/div>\n\t\t\t\t<\/div>\n\t\t","protected":false},"excerpt":{"rendered":"<p>Servicios\u00a0 &gt;\u00a0 Pruebas de Intrusi\u00f3n y Hardening Pruebas de Intrusi\u00f3n y Hardening: El Arte de la Defensa a Trav\u00e9s del Ataque En el mundo digital, la seguridad no se trata solo de levantar muros y reforzar puertas. Se trata de pensar como el atacante, anticipar sus movimientos y cerrar cada grieta antes de que sea [&hellip;]<\/p>\n","protected":false},"author":1,"featured_media":0,"parent":18,"menu_order":0,"comment_status":"closed","ping_status":"closed","template":"","meta":{"footnotes":""},"class_list":["post-144","page","type-page","status-publish","hentry"],"_links":{"self":[{"href":"https:\/\/cybersecurity.cl\/index.php\/wp-json\/wp\/v2\/pages\/144","targetHints":{"allow":["GET"]}}],"collection":[{"href":"https:\/\/cybersecurity.cl\/index.php\/wp-json\/wp\/v2\/pages"}],"about":[{"href":"https:\/\/cybersecurity.cl\/index.php\/wp-json\/wp\/v2\/types\/page"}],"author":[{"embeddable":true,"href":"https:\/\/cybersecurity.cl\/index.php\/wp-json\/wp\/v2\/users\/1"}],"replies":[{"embeddable":true,"href":"https:\/\/cybersecurity.cl\/index.php\/wp-json\/wp\/v2\/comments?post=144"}],"version-history":[{"count":26,"href":"https:\/\/cybersecurity.cl\/index.php\/wp-json\/wp\/v2\/pages\/144\/revisions"}],"predecessor-version":[{"id":631,"href":"https:\/\/cybersecurity.cl\/index.php\/wp-json\/wp\/v2\/pages\/144\/revisions\/631"}],"up":[{"embeddable":true,"href":"https:\/\/cybersecurity.cl\/index.php\/wp-json\/wp\/v2\/pages\/18"}],"wp:attachment":[{"href":"https:\/\/cybersecurity.cl\/index.php\/wp-json\/wp\/v2\/media?parent=144"}],"curies":[{"name":"wp","href":"https:\/\/api.w.org\/{rel}","templated":true}]}}