{"id":439,"date":"2025-03-10T14:10:39","date_gmt":"2025-03-10T17:10:39","guid":{"rendered":"https:\/\/cybersecurity.cl\/?page_id=439"},"modified":"2025-03-11T09:37:19","modified_gmt":"2025-03-11T12:37:19","slug":"quienes","status":"publish","type":"page","link":"https:\/\/cybersecurity.cl\/index.php\/quienes\/","title":{"rendered":""},"content":{"rendered":"\t\t<div data-elementor-type=\"wp-page\" data-elementor-id=\"439\" class=\"elementor elementor-439\" data-elementor-post-type=\"page\">\n\t\t\t\t<div class=\"elementor-element elementor-element-28f0513 e-flex e-con-boxed e-con e-parent\" data-id=\"28f0513\" data-element_type=\"container\">\n\t\t\t\t\t<div class=\"e-con-inner\">\n\t\t\t\t<div class=\"elementor-element elementor-element-403f570 elementor-widget elementor-widget-image\" data-id=\"403f570\" data-element_type=\"widget\" data-widget_type=\"image.default\">\n\t\t\t\t<div class=\"elementor-widget-container\">\n\t\t\t\t\t\t\t\t\t\t\t\t\t\t\t<img decoding=\"async\" src=\"https:\/\/cybersecurity.cl\/wp-content\/uploads\/2025\/03\/quienessomos-modified.png\" title=\"quienessomos-modified\" alt=\"quienessomos-modified\" loading=\"lazy\" \/>\t\t\t\t\t\t\t\t\t\t\t\t\t\t\t<\/div>\n\t\t\t\t<\/div>\n\t\t\t\t<div class=\"elementor-element elementor-element-22b17d0 elementor-widget elementor-widget-spacer\" data-id=\"22b17d0\" data-element_type=\"widget\" data-widget_type=\"spacer.default\">\n\t\t\t\t<div class=\"elementor-widget-container\">\n\t\t\t\t\t\t\t<div class=\"elementor-spacer\">\n\t\t\t<div class=\"elementor-spacer-inner\"><\/div>\n\t\t<\/div>\n\t\t\t\t\t\t<\/div>\n\t\t\t\t<\/div>\n\t\t\t\t\t<\/div>\n\t\t\t\t<\/div>\n\t\t<div class=\"elementor-element elementor-element-43deba8 e-flex e-con-boxed e-con e-parent\" data-id=\"43deba8\" data-element_type=\"container\">\n\t\t\t\t\t<div class=\"e-con-inner\">\n\t\t\t\t<div class=\"elementor-element elementor-element-d885ebb elementor-widget elementor-widget-heading\" data-id=\"d885ebb\" data-element_type=\"widget\" data-widget_type=\"heading.default\">\n\t\t\t\t<div class=\"elementor-widget-container\">\n\t\t\t\t\t<h1 class=\"elementor-heading-title elementor-size-default\">\u00bfQuienes Somos?<\/h1>\t\t\t\t<\/div>\n\t\t\t\t<\/div>\n\t\t\t\t<div class=\"elementor-element elementor-element-24119b1 elementor-widget elementor-widget-spacer\" data-id=\"24119b1\" data-element_type=\"widget\" data-widget_type=\"spacer.default\">\n\t\t\t\t<div class=\"elementor-widget-container\">\n\t\t\t\t\t\t\t<div class=\"elementor-spacer\">\n\t\t\t<div class=\"elementor-spacer-inner\"><\/div>\n\t\t<\/div>\n\t\t\t\t\t\t<\/div>\n\t\t\t\t<\/div>\n\t\t\t\t<div class=\"elementor-element elementor-element-d95e1e6 elementor-widget elementor-widget-text-editor\" data-id=\"d95e1e6\" data-element_type=\"widget\" data-widget_type=\"text-editor.default\">\n\t\t\t\t<div class=\"elementor-widget-container\">\n\t\t\t\t\t\t\t\t\t<p data-start=\"309\" data-end=\"668\">No somos una consultora m\u00e1s. No seguimos f\u00f3rmulas gen\u00e9ricas. <strong data-start=\"370\" data-end=\"487\">Somos estrategas, arquitectos de la seguridad y especialistas en anticiparnos a los ataques antes de que ocurran.<\/strong> En un mundo donde las amenazas evolucionan a diario, combinamos visi\u00f3n, t\u00e9cnica y una mentalidad ofensiva para transformar la ciberseguridad en un pilar de liderazgo empresarial.<\/p><p data-start=\"670\" data-end=\"1033\">Nuestra misi\u00f3n es clara: <strong data-start=\"695\" data-end=\"751\">blindar a las empresas m\u00e1s cr\u00edticas de Latinoam\u00e9rica<\/strong>, fortaleciendo su infraestructura digital, protegiendo sus activos m\u00e1s valiosos y asegurando que su crecimiento nunca sea frenado por el riesgo cibern\u00e9tico. Operamos donde otros dudan, resolvemos problemas complejos y <strong data-start=\"970\" data-end=\"1031\">convertimos la seguridad en una ventaja competitiva real.<\/strong><\/p>\t\t\t\t\t\t\t\t<\/div>\n\t\t\t\t<\/div>\n\t\t\t\t<div class=\"elementor-element elementor-element-d918de1 elementor-widget elementor-widget-spacer\" data-id=\"d918de1\" data-element_type=\"widget\" data-widget_type=\"spacer.default\">\n\t\t\t\t<div class=\"elementor-widget-container\">\n\t\t\t\t\t\t\t<div class=\"elementor-spacer\">\n\t\t\t<div class=\"elementor-spacer-inner\"><\/div>\n\t\t<\/div>\n\t\t\t\t\t\t<\/div>\n\t\t\t\t<\/div>\n\t\t\t\t\t<\/div>\n\t\t\t\t<\/div>\n\t\t<div class=\"elementor-element elementor-element-8f9ae60 e-flex e-con-boxed e-con e-parent\" data-id=\"8f9ae60\" data-element_type=\"container\">\n\t\t\t\t\t<div class=\"e-con-inner\">\n\t\t\t\t<div class=\"elementor-element elementor-element-88c66d3 elementor-widget elementor-widget-heading\" data-id=\"88c66d3\" data-element_type=\"widget\" data-widget_type=\"heading.default\">\n\t\t\t\t<div class=\"elementor-widget-container\">\n\t\t\t\t\t<h3 class=\"elementor-heading-title elementor-size-default\">Nuestra Filosof\u00eda: M\u00e1s All\u00e1 de la Seguridad, el Control Total<\/h3>\t\t\t\t<\/div>\n\t\t\t\t<\/div>\n\t\t\t\t<div class=\"elementor-element elementor-element-00f703a elementor-widget elementor-widget-text-editor\" data-id=\"00f703a\" data-element_type=\"widget\" data-widget_type=\"text-editor.default\">\n\t\t\t\t<div class=\"elementor-widget-container\">\n\t\t\t\t\t\t\t\t\t<p data-start=\"1113\" data-end=\"1393\">\ud83d\udd0d <strong data-start=\"1116\" data-end=\"1147\">Ciberseguridad sin l\u00edmites:<\/strong> No reaccionamos, <strong data-start=\"1165\" data-end=\"1181\">anticipamos.<\/strong> No seguimos tendencias, <strong data-start=\"1206\" data-end=\"1222\">las creamos.<\/strong> Nuestro enfoque combina seguridad ofensiva, defensa avanzada y un modelo de inteligencia de amenazas dise\u00f1ado para neutralizar riesgos antes de que impacten el negocio.<\/p><p data-start=\"1395\" data-end=\"1605\">\ud83d\udee0\ufe0f <strong data-start=\"1399\" data-end=\"1427\">Estrategia + Innovaci\u00f3n:<\/strong> Aplicamos <strong data-start=\"1438\" data-end=\"1515\">metodolog\u00edas \u00e1giles, an\u00e1lisis predictivo y simulaciones reales de ataques<\/strong> para que nuestros clientes no solo se protejan, sino que <strong data-start=\"1573\" data-end=\"1603\">dominen el riesgo digital.<\/strong><\/p><p data-start=\"1607\" data-end=\"1834\">\u26a1 <strong data-start=\"1609\" data-end=\"1637\">Resiliencia empresarial:<\/strong> La seguridad no es un producto, <strong data-start=\"1670\" data-end=\"1696\">es un proceso continuo<\/strong>. Trabajamos junto a empresas de alto impacto, asegurando que la ciberseguridad no sea un obst\u00e1culo, sino un catalizador de crecimiento.<\/p>\t\t\t\t\t\t\t\t<\/div>\n\t\t\t\t<\/div>\n\t\t\t\t<div class=\"elementor-element elementor-element-295ae1c elementor-widget elementor-widget-spacer\" data-id=\"295ae1c\" data-element_type=\"widget\" data-widget_type=\"spacer.default\">\n\t\t\t\t<div class=\"elementor-widget-container\">\n\t\t\t\t\t\t\t<div class=\"elementor-spacer\">\n\t\t\t<div class=\"elementor-spacer-inner\"><\/div>\n\t\t<\/div>\n\t\t\t\t\t\t<\/div>\n\t\t\t\t<\/div>\n\t\t\t\t\t<\/div>\n\t\t\t\t<\/div>\n\t\t<div class=\"elementor-element elementor-element-aed5982 e-flex e-con-boxed e-con e-parent\" data-id=\"aed5982\" data-element_type=\"container\">\n\t\t\t\t\t<div class=\"e-con-inner\">\n\t\t\t\t<div class=\"elementor-element elementor-element-fe033b2 elementor-widget elementor-widget-heading\" data-id=\"fe033b2\" data-element_type=\"widget\" data-widget_type=\"heading.default\">\n\t\t\t\t<div class=\"elementor-widget-container\">\n\t\t\t\t\t<h2 class=\"elementor-heading-title elementor-size-default\">\u00bfPor qu\u00e9 Nosotros?<\/h2>\t\t\t\t<\/div>\n\t\t\t\t<\/div>\n\t\t\t\t<div class=\"elementor-element elementor-element-35c8d93 elementor-widget elementor-widget-text-editor\" data-id=\"35c8d93\" data-element_type=\"widget\" data-widget_type=\"text-editor.default\">\n\t\t\t\t<div class=\"elementor-widget-container\">\n\t\t\t\t\t\t\t\t\t<p data-start=\"1871\" data-end=\"2051\">\u2714\ufe0f <strong data-start=\"1874\" data-end=\"1911\">Experiencia en sectores cr\u00edticos:<\/strong> Protegemos <strong data-start=\"1923\" data-end=\"2049\">infraestructura industrial, sector financiero, telecomunicaciones, energ\u00eda y empresas con operaciones altamente sensibles.<\/strong><\/p><p data-start=\"2053\" data-end=\"2237\">\u2714\ufe0f <strong data-start=\"2056\" data-end=\"2089\">Enfoque ofensivo y defensivo:<\/strong> <strong data-start=\"2090\" data-end=\"2138\">Pensamos como atacantes para defender mejor.<\/strong> Aplicamos Red Teaming, pentesting avanzado y estrategias de protecci\u00f3n adaptadas a cada entorno.<\/p><p data-start=\"2239\" data-end=\"2435\">\u2714\ufe0f <strong data-start=\"2242\" data-end=\"2269\">Respaldo en cada nivel:<\/strong> Desde auditor\u00edas y gobierno corporativo hasta respuesta ante incidentes cr\u00edticos, <strong data-start=\"2352\" data-end=\"2433\">nos convertimos en el socio estrat\u00e9gico de la seguridad de nuestros clientes.<\/strong><\/p>\t\t\t\t\t\t\t\t<\/div>\n\t\t\t\t<\/div>\n\t\t\t\t<div class=\"elementor-element elementor-element-a18005e elementor-widget elementor-widget-spacer\" data-id=\"a18005e\" data-element_type=\"widget\" data-widget_type=\"spacer.default\">\n\t\t\t\t<div class=\"elementor-widget-container\">\n\t\t\t\t\t\t\t<div class=\"elementor-spacer\">\n\t\t\t<div class=\"elementor-spacer-inner\"><\/div>\n\t\t<\/div>\n\t\t\t\t\t\t<\/div>\n\t\t\t\t<\/div>\n\t\t\t\t\t<\/div>\n\t\t\t\t<\/div>\n\t\t<div class=\"elementor-element elementor-element-4f6d64b e-flex e-con-boxed e-con e-parent\" data-id=\"4f6d64b\" data-element_type=\"container\">\n\t\t\t\t\t<div class=\"e-con-inner\">\n\t\t\t\t<div class=\"elementor-element elementor-element-6c053de elementor-widget elementor-widget-heading\" data-id=\"6c053de\" data-element_type=\"widget\" data-widget_type=\"heading.default\">\n\t\t\t\t<div class=\"elementor-widget-container\">\n\t\t\t\t\t<h2 class=\"elementor-heading-title elementor-size-default\">Nuestra Misi\u00f3n: Hacer de la Ciberseguridad un Pilar Estrat\u00e9gico<\/h2>\t\t\t\t<\/div>\n\t\t\t\t<\/div>\n\t\t\t\t<div class=\"elementor-element elementor-element-a7bdd47 elementor-widget elementor-widget-text-editor\" data-id=\"a7bdd47\" data-element_type=\"widget\" data-widget_type=\"text-editor.default\">\n\t\t\t\t<div class=\"elementor-widget-container\">\n\t\t\t\t\t\t\t\t\t<p data-start=\"2517\" data-end=\"2765\">En un mundo donde la amenaza no es una cuesti\u00f3n de <strong data-start=\"2568\" data-end=\"2597\">si pasar\u00e1, sino de cu\u00e1ndo<\/strong>, no basta con cumplir normativas o instalar firewalls. <strong data-start=\"2653\" data-end=\"2763\">Se necesita un enfoque estrat\u00e9gico, una mentalidad de adaptaci\u00f3n y una capacidad de respuesta instant\u00e1nea.<\/strong><\/p><p data-start=\"2767\" data-end=\"2966\">Nuestra meta es que <strong data-start=\"2787\" data-end=\"2853\">las empresas con las operaciones m\u00e1s cr\u00edticas de Latinoam\u00e9rica<\/strong> no solo se protejan, sino que lideren la revoluci\u00f3n digital con <strong data-start=\"2918\" data-end=\"2964\">seguridad, resiliencia y control absoluto.<\/strong><\/p><p data-start=\"2968\" data-end=\"3117\">\ud83d\udd39 <strong data-start=\"2971\" data-end=\"3026\">\u00bfListo para llevar tu seguridad al siguiente nivel?<\/strong> Cont\u00e1ctanos y dise\u00f1emos la estrategia que mantendr\u00e1 tu negocio siempre un paso adelante.<\/p>\t\t\t\t\t\t\t\t<\/div>\n\t\t\t\t<\/div>\n\t\t\t\t\t<\/div>\n\t\t\t\t<\/div>\n\t\t<div class=\"elementor-element elementor-element-9fe9fa9 e-grid e-con-boxed e-con e-parent\" data-id=\"9fe9fa9\" data-element_type=\"container\">\n\t\t\t\t\t<div class=\"e-con-inner\">\n\t\t\t\t<div class=\"elementor-element elementor-element-fa53530 elementor-widget elementor-widget-heading\" data-id=\"fa53530\" data-element_type=\"widget\" data-widget_type=\"heading.default\">\n\t\t\t\t<div class=\"elementor-widget-container\">\n\t\t\t\t\t<h6 class=\"elementor-heading-title elementor-size-default\">Ciberseguridad, Consultor\u00eda, Ciberdefensa<\/h6>\t\t\t\t<\/div>\n\t\t\t\t<\/div>\n\t\t\t\t<div class=\"elementor-element elementor-element-16578bc elementor-align-center elementor-widget elementor-widget-button\" data-id=\"16578bc\" data-element_type=\"widget\" data-widget_type=\"button.default\">\n\t\t\t\t<div class=\"elementor-widget-container\">\n\t\t\t\t\t\t\t\t\t<div class=\"elementor-button-wrapper\">\n\t\t\t\t\t<a class=\"elementor-button elementor-button-link elementor-size-sm\" href=\"https:\/\/cybersecurity.cl\/index.php\/servicios\/\">\n\t\t\t\t\t\t<span class=\"elementor-button-content-wrapper\">\n\t\t\t\t\t\t\t\t\t<span class=\"elementor-button-text\">Conoce M\u00e1s<\/span>\n\t\t\t\t\t<\/span>\n\t\t\t\t\t<\/a>\n\t\t\t\t<\/div>\n\t\t\t\t\t\t\t\t<\/div>\n\t\t\t\t<\/div>\n\t\t\t\t<div class=\"elementor-element elementor-element-95546fd elementor-align-center elementor-widget elementor-widget-button\" data-id=\"95546fd\" data-element_type=\"widget\" data-widget_type=\"button.default\">\n\t\t\t\t<div class=\"elementor-widget-container\">\n\t\t\t\t\t\t\t\t\t<div class=\"elementor-button-wrapper\">\n\t\t\t\t\t<a class=\"elementor-button elementor-button-link elementor-size-sm\" href=\"https:\/\/cybersecurity.cl\/index.php\/contacto\/\">\n\t\t\t\t\t\t<span class=\"elementor-button-content-wrapper\">\n\t\t\t\t\t\t\t\t\t<span class=\"elementor-button-text\">Cont\u00e1ctanos<\/span>\n\t\t\t\t\t<\/span>\n\t\t\t\t\t<\/a>\n\t\t\t\t<\/div>\n\t\t\t\t\t\t\t\t<\/div>\n\t\t\t\t<\/div>\n\t\t\t\t<div class=\"elementor-element elementor-element-5f39fa6 elementor-widget elementor-widget-heading\" data-id=\"5f39fa6\" data-element_type=\"widget\" data-widget_type=\"heading.default\">\n\t\t\t\t<div class=\"elementor-widget-container\">\n\t\t\t\t\t<h6 class=\"elementor-heading-title elementor-size-default\">Ciberseguridad, Consultor\u00eda, Ciberdefensa<\/h6>\t\t\t\t<\/div>\n\t\t\t\t<\/div>\n\t\t\t\t\t<\/div>\n\t\t\t\t<\/div>\n\t\t\t\t<\/div>\n\t\t","protected":false},"excerpt":{"rendered":"<p>\u00bfQuienes Somos? No somos una consultora m\u00e1s. No seguimos f\u00f3rmulas gen\u00e9ricas. Somos estrategas, arquitectos de la seguridad y especialistas en anticiparnos a los ataques antes de que ocurran. En un mundo donde las amenazas evolucionan a diario, combinamos visi\u00f3n, t\u00e9cnica y una mentalidad ofensiva para transformar la ciberseguridad en un pilar de liderazgo empresarial. Nuestra [&hellip;]<\/p>\n","protected":false},"author":1,"featured_media":0,"parent":0,"menu_order":0,"comment_status":"closed","ping_status":"closed","template":"","meta":{"footnotes":""},"class_list":["post-439","page","type-page","status-publish","hentry"],"_links":{"self":[{"href":"https:\/\/cybersecurity.cl\/index.php\/wp-json\/wp\/v2\/pages\/439","targetHints":{"allow":["GET"]}}],"collection":[{"href":"https:\/\/cybersecurity.cl\/index.php\/wp-json\/wp\/v2\/pages"}],"about":[{"href":"https:\/\/cybersecurity.cl\/index.php\/wp-json\/wp\/v2\/types\/page"}],"author":[{"embeddable":true,"href":"https:\/\/cybersecurity.cl\/index.php\/wp-json\/wp\/v2\/users\/1"}],"replies":[{"embeddable":true,"href":"https:\/\/cybersecurity.cl\/index.php\/wp-json\/wp\/v2\/comments?post=439"}],"version-history":[{"count":17,"href":"https:\/\/cybersecurity.cl\/index.php\/wp-json\/wp\/v2\/pages\/439\/revisions"}],"predecessor-version":[{"id":643,"href":"https:\/\/cybersecurity.cl\/index.php\/wp-json\/wp\/v2\/pages\/439\/revisions\/643"}],"wp:attachment":[{"href":"https:\/\/cybersecurity.cl\/index.php\/wp-json\/wp\/v2\/media?parent=439"}],"curies":[{"name":"wp","href":"https:\/\/api.w.org\/{rel}","templated":true}]}}